{"id":194,"date":"2025-01-16T13:31:52","date_gmt":"2025-01-16T13:31:52","guid":{"rendered":"https:\/\/hopeful-poincare.195-8-244-146.plesk.page\/?page_id=194"},"modified":"2025-01-16T13:32:59","modified_gmt":"2025-01-16T13:32:59","slug":"datenschutz","status":"publish","type":"page","link":"https:\/\/hopeful-poincare.195-8-244-146.plesk.page\/?page_id=194","title":{"rendered":"Datenschutz"},"content":{"rendered":"\t\t<div data-elementor-type=\"wp-page\" data-elementor-id=\"194\" class=\"elementor elementor-194\" data-elementor-settings=\"{&quot;ha_cmc_init_switcher&quot;:&quot;no&quot;}\" data-elementor-post-type=\"page\">\n\t\t\t\t<div class=\"elementor-element elementor-element-268868e4 e-con-full e-flex e-con e-parent\" data-id=\"268868e4\" data-element_type=\"container\" data-settings=\"{&quot;background_background&quot;:&quot;classic&quot;,&quot;_ha_eqh_enable&quot;:false}\">\n\t\t<div class=\"elementor-element elementor-element-e376d2c e-con-full e-flex e-con e-child\" data-id=\"e376d2c\" data-element_type=\"container\" data-settings=\"{&quot;_ha_eqh_enable&quot;:false}\">\n\t\t\t\t<div class=\"elementor-element elementor-element-420e248 elementor-widget elementor-widget-theme-site-logo elementor-widget-image\" data-id=\"420e248\" data-element_type=\"widget\" data-settings=\"{&quot;_animation&quot;:&quot;none&quot;}\" data-widget_type=\"theme-site-logo.default\">\n\t\t\t\t<div class=\"elementor-widget-container\">\n\t\t\t\t\t\t\t\t\t\t\t<a href=\"https:\/\/hopeful-poincare.195-8-244-146.plesk.page\">\n\t\t\t<img fetchpriority=\"high\" decoding=\"async\" width=\"520\" height=\"250\" src=\"https:\/\/hopeful-poincare.195-8-244-146.plesk.page\/wp-content\/uploads\/2025\/01\/tiger_jump_logo.png\" class=\"attachment-full size-full wp-image-47\" alt=\"\" srcset=\"https:\/\/hopeful-poincare.195-8-244-146.plesk.page\/wp-content\/uploads\/2025\/01\/tiger_jump_logo.png 520w, https:\/\/hopeful-poincare.195-8-244-146.plesk.page\/wp-content\/uploads\/2025\/01\/tiger_jump_logo-300x144.png 300w\" sizes=\"(max-width: 520px) 100vw, 520px\" \/>\t\t\t\t<\/a>\n\t\t\t\t\t\t\t\t\t\t\t<\/div>\n\t\t\t\t<\/div>\n\t\t\t\t<div class=\"elementor-element elementor-element-10fd5dc9 elementor-invisible elementor-widget elementor-widget-heading\" data-id=\"10fd5dc9\" data-element_type=\"widget\" data-settings=\"{&quot;_animation&quot;:&quot;fadeInDown&quot;}\" data-widget_type=\"heading.default\">\n\t\t\t\t<div class=\"elementor-widget-container\">\n\t\t\t\t\t<h1 class=\"elementor-heading-title elementor-size-default\">Jump like a Tiger!<\/h1>\t\t\t\t<\/div>\n\t\t\t\t<\/div>\n\t\t\t\t<div class=\"elementor-element elementor-element-1d00fef elementor-invisible elementor-widget elementor-widget-text-editor\" data-id=\"1d00fef\" data-element_type=\"widget\" data-settings=\"{&quot;_animation&quot;:&quot;fadeInDown&quot;,&quot;_animation_delay&quot;:700}\" data-widget_type=\"text-editor.default\">\n\t\t\t\t<div class=\"elementor-widget-container\">\n\t\t\t\t\t\t\t\t\t<p>Welcome to the World of trampoline<\/p>\t\t\t\t\t\t\t\t<\/div>\n\t\t\t\t<\/div>\n\t\t\t\t<\/div>\n\t\t\t\t<\/div>\n\t\t<div class=\"elementor-element elementor-element-24f6a45 e-flex e-con-boxed e-con e-parent\" data-id=\"24f6a45\" data-element_type=\"container\" data-settings=\"{&quot;_ha_eqh_enable&quot;:false}\">\n\t\t\t\t\t<div class=\"e-con-inner\">\n\t\t\t\t<div class=\"elementor-element elementor-element-fcd78a5 elementor-widget elementor-widget-spacer\" data-id=\"fcd78a5\" data-element_type=\"widget\" data-widget_type=\"spacer.default\">\n\t\t\t\t<div class=\"elementor-widget-container\">\n\t\t\t\t\t\t\t<div class=\"elementor-spacer\">\n\t\t\t<div class=\"elementor-spacer-inner\"><\/div>\n\t\t<\/div>\n\t\t\t\t\t\t<\/div>\n\t\t\t\t<\/div>\n\t\t\t\t<div class=\"elementor-element elementor-element-4ba4b1a elementor-widget elementor-widget-heading\" data-id=\"4ba4b1a\" data-element_type=\"widget\" data-widget_type=\"heading.default\">\n\t\t\t\t<div class=\"elementor-widget-container\">\n\t\t\t\t\t<h2 class=\"elementor-heading-title elementor-size-default\">Datenschutz<\/h2>\t\t\t\t<\/div>\n\t\t\t\t<\/div>\n\t\t\t\t<div class=\"elementor-element elementor-element-fdeafe4 elementor-widget elementor-widget-spacer\" data-id=\"fdeafe4\" data-element_type=\"widget\" data-widget_type=\"spacer.default\">\n\t\t\t\t<div class=\"elementor-widget-container\">\n\t\t\t\t\t\t\t<div class=\"elementor-spacer\">\n\t\t\t<div class=\"elementor-spacer-inner\"><\/div>\n\t\t<\/div>\n\t\t\t\t\t\t<\/div>\n\t\t\t\t<\/div>\n\t\t\t\t<div class=\"elementor-element elementor-element-a9eeead elementor-widget elementor-widget-text-editor\" data-id=\"a9eeead\" data-element_type=\"widget\" data-widget_type=\"text-editor.default\">\n\t\t\t\t<div class=\"elementor-widget-container\">\n\t\t\t\t\t\t\t\t\t<p>Wir freuen uns Sie auf unserer Webseite begr\u00fc\u00dfen zu d\u00fcrfen und das Sie Interesse an unserem Unternehmen haben. Dabei ist es<br \/>uns ein wichtiges Anliegen Ihre personenbezogenen Daten zu sch\u00fctzen. Personenbezogene Daten sind dabei alle Informationen von<br \/>nat\u00fcrlichen Personen, die aufgrund dieser Informationen ob pers\u00f6nlich oder sachlicher Art dadurch bestimmt sind oder bestimmbar<br \/>werden. Unter den Begriff Personenbezogene Daten fallen zum Beispiel Daten wie Name, Vorname, Adresse, Telefonnummer, aber<br \/>auch die IP-Adresse z\u00e4hlt heutzutage zu den personenbezogenen Daten.<br \/>Auf unserem Internet-Auftritt erheben und verarbeiten wir personenbezogene Daten. Diese unterliegen einem gesetzlichen Schutz,<br \/>an den wir uns halten. In den folgenden Punkten werden wir Ihnen Informationen \u00fcber den Datenschutz geben und Ihnen mitteilen<br \/>auf welche Art und Weise wir personenbezogene Daten erheben und verarbeiten. Diese Verarbeitung erfolgt dabei im Einklang mit<br \/>der EU-Datenschutzgrundverordnung, der Bundesdatenschutzgesetz-2018 wie auch weiterer nationaler Regelungen.<br \/>Verantwortlicher im Sinne des Artikels 4 Absatz 7 der EU-DSGVO<br \/><br \/><strong>Tiger Jump GmbH<br \/>Gesch\u00e4ftsf\u00fchrer: Elke Heinrich<br \/>Uhlandstra\u00dfe 18<\/strong><br \/><strong>DE- 40237 D\u00fcsseldorf<\/strong><\/p><p><br \/><strong>Name und Kontaktdaten des Datenschutzbeauftragten<\/strong><br \/>Sie k\u00f6nnen sich jederzeit an unsere verantwortliche Person f\u00fcr den Datenschutz in unserem Unternehmen wenden:<br \/><br \/>Unter der Email Adresse\u00a0<strong>datenschutz@tigerjump.de<\/strong>\u00a0ist er rund um die Uhr erreichbar .<\/p><p>\u00a0<\/p><p><strong>Betroffenenrechte<\/strong><br \/>Sie haben aufgrund der EU-Datenschutzgrundverordnung als Betroffener verschiedene Rechte, die Sie selbstverst\u00e4ndlich auch bei<br \/>unserem Unternehmen wahrnehmen k\u00f6nnen. Bitte kontaktieren Sie uns diesbez\u00fcglich unter den oben angef\u00fchrten Kontaktdaten.<br \/><br \/><strong>Folgende Rechte haben Sie als Betroffener:<\/strong><br \/>\u2022 Recht auf Auskunft<br \/>\u2022 Recht auf Berichtigung<br \/>\u2022 Recht auf L\u00f6schung (Recht auf Vergessen werden)<br \/>\u2022 Recht auf Einschr\u00e4nkung<br \/>\u2022 Recht auf Widerspruch<br \/>\u2022 Recht auf Daten\u00fcbertragbarkeit<br \/><br \/>Sie k\u00f6nnen auch jederzeit eine uns gegebene Einwilligung unter den oben genannten Kontaktdaten widerrufen.<br \/><br \/>Sie haben weiterhin das Recht eine Beschwerde bei der f\u00fcr Sie zust\u00e4ndigen Aufsichtsbeh\u00f6rde einzureichen. Die f\u00fcr Sie zust\u00e4ndige<br \/>Aufsichtsbeh\u00f6rde richtet sich nach dem jeweiligen Bundesland, in dem Ihr Wohnsitz ist. Eine Liste der jeweiligen Aufsichtsbeh\u00f6rden<br \/>finden Sie unter: https:\/\/www.bfdi.bund.de\/DE\/Infothek\/Anschriften_Links\/anschriften_links-node.html<\/p><p><strong>L\u00f6schung \/ Sperrung von personenbezogenen Daten<br \/><\/strong>Ein wichtiger Grundsatz der EU-Datenschutzgrundverordnung ist die Datenvermeidung und Datensparsamkeit. Unser Unternehmen<br \/>h\u00e4lt sich an diese Grunds\u00e4tze und wir speichern personenbezogene Daten nur so lange, wie dies f\u00fcr die erhobenen Zwecke auch<br \/>erforderlich ist bzw. entsprechend der gesetzlichen Aufbewahrungsfristen. Nach Wegfall einer entsprechenden Grundlage (Vertrag,<br \/>Einwilligung, gesetzliche Regelung,\u2026) l\u00f6schen bzw. sperren wir diese Daten routinem\u00e4\u00dfig.<br \/><br \/><strong>Erhebung von Daten beim Besuch unserer Webseite<\/strong><br \/>Beim Aufruf unserer Webseite werden automatisch von unserem Server Daten erhoben und folgende Daten werden in den Logfiles<br \/>unseres Systems gespeichert:<br \/>\u2022 Browsertyp und Versionierung<br \/>\u2022 Verwendetes Betriebssystem des Anfragenden<br \/>\u2022 IP-Adresse<br \/>\u2022 Datum und Uhrzeit der Anfrage der Webseite<br \/>\u2022 Domainnamen des Providers<\/p><p><strong>(1) Newsletter<\/strong><br \/>Sie haben jederzeit die M\u00f6glichkeit die Speicherung und den Versand unseres Newsletters an Ihre Email-Adresse zu widerrufen. Am<br \/>Ende unseres Newsletters finden Sie einen passenden Link um diesen Widerruf zu t\u00e4tigen. Selbstverst\u00e4ndlich k\u00f6nnen Sie auch eine<br \/>Email an die Kontaktdaten in dieser Datenschutzerkl\u00e4rung (siehe oben) schicken um den Widerruf uns mitzuteilen.<\/p><p><strong>(2) Cookies<\/strong><br \/>Auf unserer Webseite werden auch so genannte \u201cCookies\u201d verwendet. Cookies sind keine Textdateien, die von unserem System auf<br \/>Ihre Festplatte \u00fcbertragen werden. Durch diese Cookies bekommen wir automatisch bestimmte Informationen. Die k\u00f6nnten<br \/>beispielsweise Ihre IP-Adresse, der verwendete Browser, den Sie benutzen um unsere Webseite aufzurufen, Ihr Betriebssystem und<br \/>andere Daten.<br \/>Die Cookies dienen in der Regel dazu, die Nutzung der Webseite dem Benutzer zu erleichtern und eine perfekte Anzeige unserer<br \/>Dienstleistungen zu erm\u00f6glichen. Cookies k\u00f6nnen dabei keine Programme starten oder gar Viren auf Ihr System \u00fcbermitteln.<br \/>In keinem Fall werden die von uns erfassten Daten an Dritte weitergegeben oder ohne Ihre Einwilligung eine Verkn\u00fcpfung mit<br \/>personenbezogenen Daten hergestellt.<br \/>Die meisten Browser sind so eingestellt, dass sie Cookies automatisch akzeptieren. Sie k\u00f6nnen das Speichern von Cookies jedoch<br \/>deaktivieren oder Ihren Browser so einstellen, dass er Sie benachrichtigt, sobald Cookies gesendet werden. Einmal gesetzte Cookies<br \/>k\u00f6nnen Sie jederzeit selbst l\u00f6schen, indem Sie den entsprechenden Men\u00fcpunkt in Ihrem Internet-Browser aufrufen oder die Cookies<br \/>auf Ihrer Festplatte l\u00f6schen. Einzelheiten hierzu finden Sie im Hilfemen\u00fc Ihres Internet-Browsers.<\/p><p><strong>(3) SSL-Verschl\u00fcsselung der Webseite<\/strong><br \/>Um die \u00dcbertragung Ihrer Daten zu sch\u00fctzen, setzen wir auf unserer Webseite eine entsprechende Verschl\u00fcsselung ein (z. B. SSL)<br \/>\u00fcber HTTPS.<\/p><p><strong>(4) Google Maps<\/strong><br \/>Unsere Webseite verwendet die Google Maps API, um geographische Informationen visuell darzustellen. Bei der Nutzung von<br \/>Google Maps werden von Google auch Daten \u00fcber die Nutzung der Maps-Funktionen durch Besucher der Webseiten erhoben,<br \/>verarbeitet und genutzt.<br \/>N\u00e4here Informationen \u00fcber die Datenverarbeitung durch Google k\u00f6nnen Sie in den Datenschutzhinweisen von Google entnehmen:<br \/>http:\/\/www.google.com\/privacypolicy.html. Dort k\u00f6nnen Sie im Datenschutzcenter auch Ihre Einstellungen ver\u00e4ndern, so dass Sie Ihre<br \/>Daten verwalten und sch\u00fctzen k\u00f6nnen.<\/p><p><strong>(5) Google Analytics<\/strong><br \/>Diese Website benutzt Google Analytics, einen Webanalysedienst der Google Inc. (folgend: Google). Google Analytics verwendet<br \/>sog. \u201eCookies\u201d, also Textdateien, die auf Ihrem Computer gespeichert werden und die eine Analyse der Benutzung der Webseite<br \/>durch Sie erm\u00f6glichen. Die durch das Cookie erzeugten Informationen \u00fcber Ihre Benutzung dieser Webseite werden in der Regel an<br \/>einen Server von Google in den USA \u00fcbertragen und dort gespeichert. Aufgrund der Aktivierung der IP-Anonymisierung auf diesen<br \/><br \/>Webseiten, wird Ihre IP-Adresse von Google jedoch innerhalb von Mitgliedstaaten der Europ\u00e4ischen Union oder in anderen<br \/>Vertragsstaaten des Abkommens \u00fcber den Europ\u00e4ischen Wirtschaftsraum zuvor gek\u00fcrzt. Nur in Ausnahmef\u00e4llen wird die volle<br \/>IP-Adresse an einen Server von Google in den USA \u00fcbertragen und dort gek\u00fcrzt. Im Auftrag des Betreibers dieser Website wird<br \/>Google diese Informationen benutzen, um Ihre Nutzung der Webseite auszuwerten, um Reports \u00fcber die Webseitenaktivit\u00e4ten<br \/>zusammenzustellen und um weitere mit der Websitenutzung und der Internetnutzung verbundene Dienstleistungen gegen\u00fcber dem<br \/>Webseitenbetreiber zu erbringen. Die im Rahmen von Google Analytics von Ihrem Browser \u00fcbermittelte IP-Adresse wird nicht mit<br \/>anderen Daten von Google zusammengef\u00fchrt.<br \/>Die Zwecke der Datenverarbeitung liegen in der Auswertung der Nutzung der Website und in der Zusammenstellung von Reports<br \/>\u00fcber Aktivit\u00e4ten auf der Website. Auf Grundlage der Nutzung der Website und des Internets sollen dann weitere verbundene<br \/>Dienstleistungen erbracht werden. Die Verarbeitung beruht auf dem berechtigten Interesse des Webseitenbetreibers.<br \/>Sie k\u00f6nnen die Speicherung der Cookies durch eine entsprechende Einstellung Ihrer Browser-Software verhindern; wir weisen Sie<br \/>jedoch darauf hin, dass Sie in diesem Fall gegebenenfalls nicht s\u00e4mtliche Funktionen dieser Website vollumf\u00e4nglich werden nutzen<br \/>k\u00f6nnen. Sie k\u00f6nnen dar\u00fcber hinaus die Erfassung der durch das Cookie erzeugten und auf Ihre Nutzung der Webseite bezogenen<br \/>Daten (inkl. Ihrer IP-Adresse) an Google sowie die Verarbeitung dieser Daten durch Google verhindern, indem sie das unter dem<br \/>folgenden Link verf\u00fcgbare Browser-Plugin herunterladen und installieren: Browser Add On zur Deaktivierung von Google Analytics.<\/p><p><strong>(6) Google Adwords<\/strong><br \/>Unsere Webseite nutzt das Google Conversion-Tracking. Sind Sie \u00fcber eine von Google geschaltete Anzeige auf unsere Webseite<br \/>gelangt, wird von Google Adwords ein Cookie auf Ihrem Rechner gesetzt. Das Cookie f\u00fcr Conversion-Tracking wird gesetzt, wenn ein<br \/>Nutzer auf eine von Google geschaltete Anzeige klickt. Diese Cookies verlieren nach 30 Tagen ihre G\u00fcltigkeit und dienen nicht der<br \/>pers\u00f6nlichen Identifizierung. Besucht der Nutzer bestimmte Seiten unserer Website und das Cookie ist noch nicht abgelaufen,<br \/>k\u00f6nnen wir und Google erkennen, dass der Nutzer auf die Anzeige geklickt hat und zu dieser Seite weitergeleitet wurde. Jeder<br \/>Google AdWords-Kunde erh\u00e4lt ein anderes Cookie. Cookies k\u00f6nnen somit nicht \u00fcber die Websites von AdWords-Kunden<br \/>nachverfolgt werden. Die mithilfe des Conversion-Cookies eingeholten Informationen dienen dazu, Conversion-Statistiken f\u00fcr<br \/>AdWords-Kunden zu erstellen, die sich f\u00fcr Conversion-Tracking entschieden haben. Die Kunden erfahren die Gesamtanzahl der<br \/>Nutzer, die auf ihre Anzeige geklickt haben und zu einer mit einem Conversion-Tracking-Tag versehenen Seite weitergeleitet wurden.<br \/>Sie erhalten jedoch keine Informationen, mit denen sich Nutzer pers\u00f6nlich identifizieren lassen.<br \/>M\u00f6chten Sie nicht am Tracking teilnehmen, k\u00f6nnen Sie das hierf\u00fcr erforderliche Setzen eines Cookies ablehnen \u2013 etwa per<br \/>Browser-Einstellung, die das automatische Setzen von Cookies generell deaktiviert oder Ihren Browser so einstellen, dass Cookies<br \/>von der Domain \u201egoogleleadservices.com\u201d blockiert werden.<br \/>Bitte beachten Sie, dass Sie die Opt-out-Cookies nicht l\u00f6schen d\u00fcrfen, solange Sie keine Aufzeichnung von Messdaten w\u00fcnschen.<br \/>Haben Sie alle Ihre Cookies im Browser gel\u00f6scht, m\u00fcssen Sie das jeweilige Opt-out Cookie erneut setzen.<\/p><p><strong>(7) Facebook Social PlugIns<\/strong><br \/>Unser Internetauftritt verwendet Social Plugins (\u201cPlugins\u201d) des sozialen Netzwerkes facebook.com, welches von der Facebook Inc.,<br \/>1601 S. California Ave, Palo Alto, CA 94304, USA betrieben wird (\u201cFacebook\u201d). Die Plugins sind an einem der Facebook Logos<br \/>erkennbar (wei\u00dfes \u201cf\u201d auf blauer Kachel oder ein \u201cDaumen hoch\u201d-Zeichen) oder sind mit dem Zusatz \u201cFacebook Social Plugin\u201d<br \/>gekennzeichnet.<br \/>Wenn Sie eine Webseite unseres Internetauftritts aufrufen, die ein solches Plugin enth\u00e4lt, baut Ihr Browser eine direkte Verbindung<br \/>mit den Servern von Facebook auf. Der Inhalt des Plugins wird von Facebook direkt an Ihren Browser \u00fcbermittelt und von diesem in<br \/>die Webseite eingebunden. Wir haben daher keinen Einfluss auf den Umfang der Daten, die Facebook mit Hilfe dieses Plugins erhebt<br \/>und informieren Sie daher entsprechend unserem Kenntnisstand.<br \/>Durch die Einbindung der Plugins erh\u00e4lt Facebook die Information, dass Sie die entsprechende Seite unseres Internetauftritts<br \/>Datenschutzerkl\u00e4rung wurde erstellt mit DSM-Online, ein Produkt der DSM-Online GmbH<br \/>aufgerufen haben. Sind Sie bei Facebook eingeloggt, kann Facebook den Besuch Ihrem Facebook-Konto zuordnen. Wenn Sie mit<br \/>den Plugins interagieren, zum Beispiel den Like Button bet\u00e4tigen oder einen Kommentar abgeben, wird die entsprechende<br \/>Information von Ihrem Browser direkt an Facebook \u00fcbermittelt und dort gespeichert. Falls Sie kein Mitglied von Facebook sind,<br \/>besteht trotzdem die M\u00f6glichkeit, dass Facebook Ihre IP-Adresse in Erfahrung bringt und speichert.<br \/>Zweck und Umfang der Datenerhebung und die weitere Verarbeitung und Nutzung der Daten durch Facebook sowie Ihre<br \/>diesbez\u00fcglichen Rechte und Einstellungsm\u00f6glichkeiten zum Schutz Ihrer Privatsph\u00e4re entnehmen Sie bitte den<br \/>Datenschutzhinweisen von Facebook: http:\/\/www.facebook.com\/policy.php.<br \/>Wenn Sie Mitglied bei Facebook sind und nicht m\u00f6chten, dass Facebook \u00fcber unseren Internetauftritt Daten \u00fcber Sie sammelt und<br \/>mit Ihren bei Facebook gespeicherten Mitgliedsdaten verkn\u00fcpft, m\u00fcssen Sie sich vor Ihrem Besuch unseres Internetauftritts bei<br \/>Facebook ausloggen.<br \/>Ebenfalls ist es m\u00f6glich Facebook-Social-Plugins mit Add-ons f\u00fcr Ihren Browser zu blocken, zum Beispiel mit dem \u201cFacebook<br \/>Blocker\u201d.<\/p><p><strong>(8) YouTube<\/strong><br \/>Unsere Webseite bindet YouTube-Videos ein. Die eingebundenen Clips legen bei dem Aufrufen der Seite Cookies auf den<br \/>Computern der User ab. Wer das Setzen von Cookies f\u00fcr das Google-Werbeprogramm deaktiviert hat, wird auch beim Aufrufen von<br \/>YouTube-Clips mit keinen solchen Cookies rechnen m\u00fcssen. YouTube legt aber auch in anderen Cookies nicht-personenbezogene<br \/>Nutzungsinformationen ab. M\u00f6chten Sie dies verhindern, m\u00fcssen Sie dies durch den Browser blockieren lassen.<br \/>Kommunikation per Email mit uns<br \/>Falls Sie per Email mit uns in Kontakt treten und Sie uns diese Email unverschl\u00fcsselt zukommen lassen, k\u00f6nnen wir die<br \/>Datensicherheit des \u00dcbertragungsweges zu uns nicht gew\u00e4hrleisten. Falls Sie uns Daten mit einem Schutzbedarf zukommen lassen<br \/>m\u00f6chten, so bitten wir Sie uns diese nur verschl\u00fcsselt zukommen zu lassen oder den Postweg zu w\u00e4hlen.<br \/>\u00c4nderung unserer Datenschutzerkl\u00e4rung<\/p><p><strong>(9) Instagram<\/strong><br \/>Auf unseren Seiten sind Funktionen des Dienstes Instagram eingebunden. Diese Funktionen werden angeboten durch die Instagram Inc., 1601 Willow Road, Menlo Park, CA, 94025, USA integriert. Wenn Sie in Ihrem Instagram-Account eingeloggt sind k\u00f6nnen Sie durch Anklicken des Instagram-Buttons die Inhalte unserer Seiten mit Ihrem Instagram-Profil verlinken. Dadurch kann Instagram den Besuch unserer Seiten Ihrem Benutzerkonto zuordnen. Wir weisen darauf hin, dass wir als Anbieter der Seiten keine Kenntnis vom Inhalt der \u00fcbermittelten Daten sowie deren Nutzung durch Instagram erhalten.<\/p><p>Weitere Informationen hierzu finden Sie in der Datenschutzerkl\u00e4rung von Instagram:\u00a0<a href=\"http:\/\/instagram.com\/about\/legal\/privacy\/\">http:\/\/instagram.com\/about\/legal\/privacy\/<\/a><\/p><p>Wie behalten uns vor unsere Datenschutzerkl\u00e4rung jederzeit anzupassen um diese auf dem aktuellen Stand in Bezug auf unserer<br \/>Services zu halten. Bei einem erneuten Besuch unserer Webseite gilt dann die jeweils aktuelle Datenschutzerkl\u00e4rung.<\/p>\t\t\t\t\t\t\t\t<\/div>\n\t\t\t\t<\/div>\n\t\t\t\t\t<\/div>\n\t\t\t\t<\/div>\n\t\t\t\t<\/div>\n\t\t","protected":false},"excerpt":{"rendered":"<p>Jump like a Tiger! Welcome to the World of trampoline Datenschutz Wir freuen uns Sie auf unserer Webseite begr\u00fc\u00dfen zu d\u00fcrfen und das Sie Interesse an unserem Unternehmen haben. Dabei ist esuns ein wichtiges Anliegen Ihre personenbezogenen Daten zu sch\u00fctzen. Personenbezogene Daten sind dabei alle Informationen vonnat\u00fcrlichen Personen, die aufgrund dieser Informationen ob pers\u00f6nlich oder [&hellip;]<\/p>\n","protected":false},"author":1,"featured_media":0,"parent":0,"menu_order":0,"comment_status":"closed","ping_status":"closed","template":"elementor_header_footer","meta":{"footnotes":""},"class_list":["post-194","page","type-page","status-publish","hentry"],"_links":{"self":[{"href":"https:\/\/hopeful-poincare.195-8-244-146.plesk.page\/index.php?rest_route=\/wp\/v2\/pages\/194","targetHints":{"allow":["GET"]}}],"collection":[{"href":"https:\/\/hopeful-poincare.195-8-244-146.plesk.page\/index.php?rest_route=\/wp\/v2\/pages"}],"about":[{"href":"https:\/\/hopeful-poincare.195-8-244-146.plesk.page\/index.php?rest_route=\/wp\/v2\/types\/page"}],"author":[{"embeddable":true,"href":"https:\/\/hopeful-poincare.195-8-244-146.plesk.page\/index.php?rest_route=\/wp\/v2\/users\/1"}],"replies":[{"embeddable":true,"href":"https:\/\/hopeful-poincare.195-8-244-146.plesk.page\/index.php?rest_route=%2Fwp%2Fv2%2Fcomments&post=194"}],"version-history":[{"count":4,"href":"https:\/\/hopeful-poincare.195-8-244-146.plesk.page\/index.php?rest_route=\/wp\/v2\/pages\/194\/revisions"}],"predecessor-version":[{"id":198,"href":"https:\/\/hopeful-poincare.195-8-244-146.plesk.page\/index.php?rest_route=\/wp\/v2\/pages\/194\/revisions\/198"}],"wp:attachment":[{"href":"https:\/\/hopeful-poincare.195-8-244-146.plesk.page\/index.php?rest_route=%2Fwp%2Fv2%2Fmedia&parent=194"}],"curies":[{"name":"wp","href":"https:\/\/api.w.org\/{rel}","templated":true}]}}